{"id":351,"date":"2021-05-05T07:09:01","date_gmt":"2021-05-05T07:09:01","guid":{"rendered":"https:\/\/gfc-fr.ch\/?page_id=351"},"modified":"2026-03-17T07:13:04","modified_gmt":"2026-03-17T07:13:04","slug":"espacemembre","status":"publish","type":"page","link":"https:\/\/2roues-romandie.ch\/index.php\/espacemembre\/","title":{"rendered":"EspaceMembre"},"content":{"rendered":"","protected":true},"excerpt":{"rendered":"","protected":true},"author":6,"featured_media":0,"parent":0,"menu_order":0,"comment_status":"closed","ping_status":"closed","template":"elementor_header_footer","meta":{"footnotes":""},"class_list":["post-351","page","type-page","status-publish","post-password-required","hentry"],"yoast_head":"<!-- This site is optimized with the Yoast SEO plugin v27.4 - https:\/\/yoast.com\/product\/yoast-seo-wordpress\/ -->\n<title>EspaceMembre - 2roues Suisse section romande<\/title>\n<meta name=\"robots\" content=\"index, follow, max-snippet:-1, max-image-preview:large, max-video-preview:-1\" \/>\n<link rel=\"canonical\" href=\"https:\/\/2roues-romandie.ch\/index.php\/espacemembre\/\" \/>\n<meta property=\"og:locale\" content=\"fr_FR\" \/>\n<meta property=\"og:type\" content=\"article\" \/>\n<meta property=\"og:title\" content=\"EspaceMembre - 2roues Suisse section romande\" \/>\n<meta property=\"og:description\" content=\"Il n\u2019y a pas d\u2019extrait, car cette publication est prot\u00e9g\u00e9e.\" \/>\n<meta property=\"og:url\" content=\"https:\/\/2roues-romandie.ch\/index.php\/espacemembre\/\" \/>\n<meta property=\"og:site_name\" content=\"2roues Suisse section romande\" \/>\n<meta property=\"article:modified_time\" content=\"2026-03-17T07:13:04+00:00\" \/>\n<meta name=\"twitter:card\" content=\"summary_large_image\" \/>\n<meta name=\"twitter:label1\" content=\"Dur\u00e9e de lecture estim\u00e9e\" \/>\n\t<meta name=\"twitter:data1\" content=\"3 minutes\" \/>\n<script type=\"application\/ld+json\" class=\"yoast-schema-graph\">{\"@context\":\"https:\\\/\\\/schema.org\",\"@graph\":[{\"@type\":\"WebPage\",\"@id\":\"https:\\\/\\\/2roues-romandie.ch\\\/index.php\\\/espacemembre\\\/\",\"url\":\"https:\\\/\\\/2roues-romandie.ch\\\/index.php\\\/espacemembre\\\/\",\"name\":\"EspaceMembre - 2roues Suisse section romande\",\"isPartOf\":{\"@id\":\"https:\\\/\\\/2roues-romandie.ch\\\/#website\"},\"datePublished\":\"2021-05-05T07:09:01+00:00\",\"dateModified\":\"2026-03-17T07:13:04+00:00\",\"breadcrumb\":{\"@id\":\"https:\\\/\\\/2roues-romandie.ch\\\/index.php\\\/espacemembre\\\/#breadcrumb\"},\"inLanguage\":\"fr-FR\"},{\"@type\":\"WebSite\",\"@id\":\"https:\\\/\\\/2roues-romandie.ch\\\/#website\",\"url\":\"https:\\\/\\\/2roues-romandie.ch\\\/\",\"name\":\"2roues Suisse section romande\",\"description\":\"2roues Suisse section romande (2RSSR) est membre de l&#039;association fa\u00eeti\u00e8re 2roues Suisse. Cette derni\u00e8re s&#039;engage pour les int\u00e9r\u00eats et les besoins des commerces sp\u00e9cialis\u00e9s deux-roues et les repr\u00e9sente en politique, aupr\u00e8s des autorit\u00e9s, fournisseurs et autres organisations de la branche.\",\"publisher\":{\"@id\":\"https:\\\/\\\/2roues-romandie.ch\\\/#organization\"},\"potentialAction\":[{\"@type\":\"SearchAction\",\"target\":{\"@type\":\"EntryPoint\",\"urlTemplate\":\"https:\\\/\\\/2roues-romandie.ch\\\/?s={search_term_string}\"},\"query-input\":{\"@type\":\"PropertyValueSpecification\",\"valueRequired\":true,\"valueName\":\"search_term_string\"}}],\"inLanguage\":\"fr-FR\"},{\"@type\":\"Organization\",\"@id\":\"https:\\\/\\\/2roues-romandie.ch\\\/#organization\",\"name\":\"2roues Suisse section romande\",\"url\":\"https:\\\/\\\/2roues-romandie.ch\\\/\",\"logo\":{\"@type\":\"ImageObject\",\"inLanguage\":\"fr-FR\",\"@id\":\"https:\\\/\\\/2roues-romandie.ch\\\/#\\\/schema\\\/logo\\\/image\\\/\",\"url\":\"https:\\\/\\\/2roues-romandie.ch\\\/wp-content\\\/uploads\\\/2020\\\/11\\\/Logo_2roues_Site.png\",\"contentUrl\":\"https:\\\/\\\/2roues-romandie.ch\\\/wp-content\\\/uploads\\\/2020\\\/11\\\/Logo_2roues_Site.png\",\"width\":350,\"height\":100,\"caption\":\"2roues Suisse section romande\"},\"image\":{\"@id\":\"https:\\\/\\\/2roues-romandie.ch\\\/#\\\/schema\\\/logo\\\/image\\\/\"}}]}<\/script>\n<!-- \/ Yoast SEO plugin. -->","yoast_head_json":{"title":"EspaceMembre - 2roues Suisse section romande","robots":{"index":"index","follow":"follow","max-snippet":"max-snippet:-1","max-image-preview":"max-image-preview:large","max-video-preview":"max-video-preview:-1"},"canonical":"https:\/\/2roues-romandie.ch\/index.php\/espacemembre\/","og_locale":"fr_FR","og_type":"article","og_title":"EspaceMembre - 2roues Suisse section romande","og_description":"Il n\u2019y a pas d\u2019extrait, car cette publication est prot\u00e9g\u00e9e.","og_url":"https:\/\/2roues-romandie.ch\/index.php\/espacemembre\/","og_site_name":"2roues Suisse section romande","article_modified_time":"2026-03-17T07:13:04+00:00","twitter_card":"summary_large_image","twitter_misc":{"Dur\u00e9e de lecture estim\u00e9e":"3 minutes"},"schema":{"@context":"https:\/\/schema.org","@graph":[{"@type":"WebPage","@id":"https:\/\/2roues-romandie.ch\/index.php\/espacemembre\/","url":"https:\/\/2roues-romandie.ch\/index.php\/espacemembre\/","name":"EspaceMembre - 2roues Suisse section romande","isPartOf":{"@id":"https:\/\/2roues-romandie.ch\/#website"},"datePublished":"2021-05-05T07:09:01+00:00","dateModified":"2026-03-17T07:13:04+00:00","breadcrumb":{"@id":"https:\/\/2roues-romandie.ch\/index.php\/espacemembre\/#breadcrumb"},"inLanguage":"fr-FR"},{"@type":"WebSite","@id":"https:\/\/2roues-romandie.ch\/#website","url":"https:\/\/2roues-romandie.ch\/","name":"2roues Suisse section romande","description":"2roues Suisse section romande (2RSSR) est membre de l&#039;association fa\u00eeti\u00e8re 2roues Suisse. Cette derni\u00e8re s&#039;engage pour les int\u00e9r\u00eats et les besoins des commerces sp\u00e9cialis\u00e9s deux-roues et les repr\u00e9sente en politique, aupr\u00e8s des autorit\u00e9s, fournisseurs et autres organisations de la branche.","publisher":{"@id":"https:\/\/2roues-romandie.ch\/#organization"},"potentialAction":[{"@type":"SearchAction","target":{"@type":"EntryPoint","urlTemplate":"https:\/\/2roues-romandie.ch\/?s={search_term_string}"},"query-input":{"@type":"PropertyValueSpecification","valueRequired":true,"valueName":"search_term_string"}}],"inLanguage":"fr-FR"},{"@type":"Organization","@id":"https:\/\/2roues-romandie.ch\/#organization","name":"2roues Suisse section romande","url":"https:\/\/2roues-romandie.ch\/","logo":{"@type":"ImageObject","inLanguage":"fr-FR","@id":"https:\/\/2roues-romandie.ch\/#\/schema\/logo\/image\/","url":"https:\/\/2roues-romandie.ch\/wp-content\/uploads\/2020\/11\/Logo_2roues_Site.png","contentUrl":"https:\/\/2roues-romandie.ch\/wp-content\/uploads\/2020\/11\/Logo_2roues_Site.png","width":350,"height":100,"caption":"2roues Suisse section romande"},"image":{"@id":"https:\/\/2roues-romandie.ch\/#\/schema\/logo\/image\/"}}]}},"_links":{"self":[{"href":"https:\/\/2roues-romandie.ch\/index.php\/wp-json\/wp\/v2\/pages\/351","targetHints":{"allow":["GET"]}}],"collection":[{"href":"https:\/\/2roues-romandie.ch\/index.php\/wp-json\/wp\/v2\/pages"}],"about":[{"href":"https:\/\/2roues-romandie.ch\/index.php\/wp-json\/wp\/v2\/types\/page"}],"author":[{"embeddable":true,"href":"https:\/\/2roues-romandie.ch\/index.php\/wp-json\/wp\/v2\/users\/6"}],"replies":[{"embeddable":true,"href":"https:\/\/2roues-romandie.ch\/index.php\/wp-json\/wp\/v2\/comments?post=351"}],"version-history":[{"count":406,"href":"https:\/\/2roues-romandie.ch\/index.php\/wp-json\/wp\/v2\/pages\/351\/revisions"}],"predecessor-version":[{"id":5722,"href":"https:\/\/2roues-romandie.ch\/index.php\/wp-json\/wp\/v2\/pages\/351\/revisions\/5722"}],"wp:attachment":[{"href":"https:\/\/2roues-romandie.ch\/index.php\/wp-json\/wp\/v2\/media?parent=351"}],"curies":[{"name":"wp","href":"https:\/\/api.w.org\/{rel}","templated":true}]}}